{"id":1567,"date":"2024-06-25T12:07:02","date_gmt":"2024-06-25T10:07:02","guid":{"rendered":"https:\/\/www.akrus.de\/alle-produkte\/ak480"},"modified":"2026-03-02T18:53:52","modified_gmt":"2026-03-02T17:53:52","slug":"ak480","status":"publish","type":"product","link":"https:\/\/www.akrus.de\/en\/product\/ak480","title":{"rendered":"ak480"},"content":{"rendered":"","protected":false},"excerpt":{"rendered":"<h3>ak480 &#8211; the flexible surgeon&#8217;s chair<\/h3>\n<p>Der elektrisch h\u00f6henverstellbare Chirurgenstuhl ak480 ist die L\u00f6sung f\u00fcr sitzend ausgef\u00fchrte ambulanten Eingriffe der Fachbereiche Ophthalmologie, Neuro- und Kopfchirurgie. Durch seine vielseitigen Einstellm\u00f6glichkeiten bietet der Stuhl erm\u00fcdungsfreies, bequemes Sitzen und maximale Unterst\u00fctzung des Chirurgen w\u00e4hrend des Eingriffs. <\/p>\n<p>With five castors and mains-independent battery operation, the ak480 surgeon&#8217;s chair is very mobile. The height of the seat can be easily adjusted using two separate heel pedals. Depending on the surgeon&#8217;s preferences, the ergonomically shaped seat can be tilted and moved horizontally. A backrest with height and tilt adjustment and lumbar support allows fatigue-free sitting. The AKRUS chair fixation system ensures a secure stand during the procedure. The chair is locked by pressing on the easy-to-reach foot ring. To unlock, press the middle footplate with the heel. <span id=\"dots\">&#8230;<\/span>      <\/p>\n<div id=\"moreText\" style=\"display: none;\">\n<p>The armrest is also designed to be flexible and fatigue-free. The pre-shaped multi-directional multi-joint armrest offers unlimited adjustment options to set any ergonomically desired or surgically required position. They are easy to navigate with the elbows to set the optimum position or to leave the chair.  <\/p>\n<p>The ak480 surgical chair is delivered fully assembled and the use of high-quality components ensures many years of reliable use when used as intended. In the event of a service request, authorized medical technology dealers are available. <\/p>\n<\/div>\n<p><button id=\"myBtn\" class=\"button_theme\" style=\"margin-top: 20px;\">learn more<\/button><\/p>\n","protected":false},"featured_media":1101,"template":"","meta":[],"product_brand":[],"product_cat":[72,59,61],"product_tag":[],"class_list":{"0":"post-1567","1":"product","2":"type-product","3":"status-publish","4":"has-post-thumbnail","6":"product_cat-surgeons-chair-doctors-stools","7":"product_cat-all-products","8":"product_cat-highlights-en","10":"first","11":"instock","12":"shipping-taxable","13":"product-type-simple"},"yoast_head":"<!-- This site is optimized with the Yoast SEO plugin v27.1.1 - https:\/\/yoast.com\/product\/yoast-seo-wordpress\/ -->\n<title>ak480 | AKRUS medical<\/title>\n<meta name=\"robots\" content=\"index, follow, max-snippet:-1, max-image-preview:large, max-video-preview:-1\" \/>\n<link rel=\"canonical\" href=\"https:\/\/www.akrus.de\/en\/product\/ak480\" \/>\n<meta property=\"og:locale\" content=\"en_US\" \/>\n<meta property=\"og:type\" content=\"article\" \/>\n<meta property=\"og:title\" content=\"ak480 | AKRUS medical\" \/>\n<meta property=\"og:description\" content=\"ak480 - the flexible surgeon&#039;s chair Der elektrisch h\u00f6henverstellbare Chirurgenstuhl ak480 ist die L\u00f6sung f\u00fcr sitzend ausgef\u00fchrte ambulanten Eingriffe der Fachbereiche Ophthalmologie, Neuro- und Kopfchirurgie. Durch seine vielseitigen Einstellm\u00f6glichkeiten bietet der Stuhl erm\u00fcdungsfreies, bequemes Sitzen und maximale Unterst\u00fctzung des Chirurgen w\u00e4hrend des Eingriffs.  With five castors and mains-independent battery operation, the ak480 surgeon&#039;s chair is very mobile. The height of the seat can be easily adjusted using two separate heel pedals. Depending on the surgeon&#039;s preferences, the ergonomically shaped seat can be tilted and moved horizontally. A backrest with height and tilt adjustment and lumbar support allows fatigue-free sitting. The AKRUS chair fixation system ensures a secure stand during the procedure. The chair is locked by pressing on the easy-to-reach foot ring. To unlock, press the middle footplate with the heel. ...     The armrest is also designed to be flexible and fatigue-free. The pre-shaped multi-directional multi-joint armrest offers unlimited adjustment options to set any ergonomically desired or surgically required position. They are easy to navigate with the elbows to set the optimum position or to leave the chair.  The ak480 surgical chair is delivered fully assembled and the use of high-quality components ensures many years of reliable use when used as intended. In the event of a service request, authorized medical technology dealers are available.  learn more\" \/>\n<meta property=\"og:url\" content=\"https:\/\/www.akrus.de\/en\/product\/ak480\" \/>\n<meta property=\"og:site_name\" content=\"AKRUS medical\" \/>\n<meta property=\"article:modified_time\" content=\"2026-03-02T17:53:52+00:00\" \/>\n<meta property=\"og:image\" content=\"https:\/\/www.akrus.de\/wp-content\/uploads\/2024\/06\/AK480-Titel.jpg\" \/>\n\t<meta property=\"og:image:width\" content=\"1200\" \/>\n\t<meta property=\"og:image:height\" content=\"859\" \/>\n\t<meta property=\"og:image:type\" content=\"image\/jpeg\" \/>\n<meta name=\"twitter:card\" content=\"summary_large_image\" \/>\n<meta name=\"twitter:label1\" content=\"Est. reading time\" \/>\n\t<meta name=\"twitter:data1\" content=\"1 minute\" \/>\n<script type=\"application\/ld+json\" class=\"yoast-schema-graph\">{\"@context\":\"https:\/\/schema.org\",\"@graph\":[{\"@type\":\"WebPage\",\"@id\":\"https:\/\/www.akrus.de\/en\/product\/ak480\",\"url\":\"https:\/\/www.akrus.de\/en\/product\/ak480\",\"name\":\"ak480 | AKRUS medical\",\"isPartOf\":{\"@id\":\"https:\/\/www.akrus.de\/en#website\"},\"primaryImageOfPage\":{\"@id\":\"https:\/\/www.akrus.de\/en\/product\/ak480#primaryimage\"},\"image\":{\"@id\":\"https:\/\/www.akrus.de\/en\/product\/ak480#primaryimage\"},\"thumbnailUrl\":\"https:\/\/www.akrus.de\/wp-content\/uploads\/2024\/06\/AK480-Titel.jpg\",\"datePublished\":\"2024-06-25T10:07:02+00:00\",\"dateModified\":\"2026-03-02T17:53:52+00:00\",\"breadcrumb\":{\"@id\":\"https:\/\/www.akrus.de\/en\/product\/ak480#breadcrumb\"},\"inLanguage\":\"en-US\",\"potentialAction\":[{\"@type\":\"ReadAction\",\"target\":[\"https:\/\/www.akrus.de\/en\/product\/ak480\"]}]},{\"@type\":\"ImageObject\",\"inLanguage\":\"en-US\",\"@id\":\"https:\/\/www.akrus.de\/en\/product\/ak480#primaryimage\",\"url\":\"https:\/\/www.akrus.de\/wp-content\/uploads\/2024\/06\/AK480-Titel.jpg\",\"contentUrl\":\"https:\/\/www.akrus.de\/wp-content\/uploads\/2024\/06\/AK480-Titel.jpg\",\"width\":1200,\"height\":859},{\"@type\":\"BreadcrumbList\",\"@id\":\"https:\/\/www.akrus.de\/en\/product\/ak480#breadcrumb\",\"itemListElement\":[{\"@type\":\"ListItem\",\"position\":1,\"name\":\"Startseite\",\"item\":\"https:\/\/www.akrus.de\/en\"},{\"@type\":\"ListItem\",\"position\":2,\"name\":\"ALL PRODUCTS\",\"item\":\"https:\/\/www.akrus.de\/en\/all-products\"},{\"@type\":\"ListItem\",\"position\":3,\"name\":\"ak480\"}]},{\"@type\":\"WebSite\",\"@id\":\"https:\/\/www.akrus.de\/en#website\",\"url\":\"https:\/\/www.akrus.de\/en\",\"name\":\"AKRUS Medizintechnik\",\"description\":\"AKRUS GmbH &amp; Co. KG is a manufacturer of medical furniture, specializing in operating tables and chairs\",\"publisher\":{\"@id\":\"https:\/\/www.akrus.de\/en#organization\"},\"potentialAction\":[{\"@type\":\"SearchAction\",\"target\":{\"@type\":\"EntryPoint\",\"urlTemplate\":\"https:\/\/www.akrus.de\/en?s={search_term_string}\"},\"query-input\":{\"@type\":\"PropertyValueSpecification\",\"valueRequired\":true,\"valueName\":\"search_term_string\"}}],\"inLanguage\":\"en-US\"},{\"@type\":\"Organization\",\"@id\":\"https:\/\/www.akrus.de\/en#organization\",\"name\":\"AKRUS GMBH & CO.KG\",\"alternateName\":\"AKRUS\",\"url\":\"https:\/\/www.akrus.de\/en\",\"logo\":{\"@type\":\"ImageObject\",\"inLanguage\":\"en-US\",\"@id\":\"https:\/\/www.akrus.de\/en#\/schema\/logo\/image\/\",\"url\":\"https:\/\/www.akrus.de\/wp-content\/uploads\/2024\/06\/cropped-AKRUS-Icon-New.jpg\",\"contentUrl\":\"https:\/\/www.akrus.de\/wp-content\/uploads\/2024\/06\/cropped-AKRUS-Icon-New.jpg\",\"width\":512,\"height\":512,\"caption\":\"AKRUS GMBH & CO.KG\"},\"image\":{\"@id\":\"https:\/\/www.akrus.de\/en#\/schema\/logo\/image\/\"},\"sameAs\":[\"https:\/\/www.linkedin.com\/company\/akrus\/\",\"https:\/\/www.youtube.com\/@akrus6469\"]}]}<\/script>\n<!-- \/ Yoast SEO plugin. -->","yoast_head_json":{"title":"ak480 | AKRUS medical","robots":{"index":"index","follow":"follow","max-snippet":"max-snippet:-1","max-image-preview":"max-image-preview:large","max-video-preview":"max-video-preview:-1"},"canonical":"https:\/\/www.akrus.de\/en\/product\/ak480","og_locale":"en_US","og_type":"article","og_title":"ak480 | AKRUS medical","og_description":"ak480 - the flexible surgeon's chair Der elektrisch h\u00f6henverstellbare Chirurgenstuhl ak480 ist die L\u00f6sung f\u00fcr sitzend ausgef\u00fchrte ambulanten Eingriffe der Fachbereiche Ophthalmologie, Neuro- und Kopfchirurgie. Durch seine vielseitigen Einstellm\u00f6glichkeiten bietet der Stuhl erm\u00fcdungsfreies, bequemes Sitzen und maximale Unterst\u00fctzung des Chirurgen w\u00e4hrend des Eingriffs.  With five castors and mains-independent battery operation, the ak480 surgeon's chair is very mobile. The height of the seat can be easily adjusted using two separate heel pedals. Depending on the surgeon's preferences, the ergonomically shaped seat can be tilted and moved horizontally. A backrest with height and tilt adjustment and lumbar support allows fatigue-free sitting. The AKRUS chair fixation system ensures a secure stand during the procedure. The chair is locked by pressing on the easy-to-reach foot ring. To unlock, press the middle footplate with the heel. ...     The armrest is also designed to be flexible and fatigue-free. The pre-shaped multi-directional multi-joint armrest offers unlimited adjustment options to set any ergonomically desired or surgically required position. They are easy to navigate with the elbows to set the optimum position or to leave the chair.  The ak480 surgical chair is delivered fully assembled and the use of high-quality components ensures many years of reliable use when used as intended. In the event of a service request, authorized medical technology dealers are available.  learn more","og_url":"https:\/\/www.akrus.de\/en\/product\/ak480","og_site_name":"AKRUS medical","article_modified_time":"2026-03-02T17:53:52+00:00","og_image":[{"width":1200,"height":859,"url":"https:\/\/www.akrus.de\/wp-content\/uploads\/2024\/06\/AK480-Titel.jpg","type":"image\/jpeg"}],"twitter_card":"summary_large_image","twitter_misc":{"Est. reading time":"1 minute"},"schema":{"@context":"https:\/\/schema.org","@graph":[{"@type":"WebPage","@id":"https:\/\/www.akrus.de\/en\/product\/ak480","url":"https:\/\/www.akrus.de\/en\/product\/ak480","name":"ak480 | AKRUS medical","isPartOf":{"@id":"https:\/\/www.akrus.de\/en#website"},"primaryImageOfPage":{"@id":"https:\/\/www.akrus.de\/en\/product\/ak480#primaryimage"},"image":{"@id":"https:\/\/www.akrus.de\/en\/product\/ak480#primaryimage"},"thumbnailUrl":"https:\/\/www.akrus.de\/wp-content\/uploads\/2024\/06\/AK480-Titel.jpg","datePublished":"2024-06-25T10:07:02+00:00","dateModified":"2026-03-02T17:53:52+00:00","breadcrumb":{"@id":"https:\/\/www.akrus.de\/en\/product\/ak480#breadcrumb"},"inLanguage":"en-US","potentialAction":[{"@type":"ReadAction","target":["https:\/\/www.akrus.de\/en\/product\/ak480"]}]},{"@type":"ImageObject","inLanguage":"en-US","@id":"https:\/\/www.akrus.de\/en\/product\/ak480#primaryimage","url":"https:\/\/www.akrus.de\/wp-content\/uploads\/2024\/06\/AK480-Titel.jpg","contentUrl":"https:\/\/www.akrus.de\/wp-content\/uploads\/2024\/06\/AK480-Titel.jpg","width":1200,"height":859},{"@type":"BreadcrumbList","@id":"https:\/\/www.akrus.de\/en\/product\/ak480#breadcrumb","itemListElement":[{"@type":"ListItem","position":1,"name":"Startseite","item":"https:\/\/www.akrus.de\/en"},{"@type":"ListItem","position":2,"name":"ALL PRODUCTS","item":"https:\/\/www.akrus.de\/en\/all-products"},{"@type":"ListItem","position":3,"name":"ak480"}]},{"@type":"WebSite","@id":"https:\/\/www.akrus.de\/en#website","url":"https:\/\/www.akrus.de\/en","name":"AKRUS Medizintechnik","description":"AKRUS GmbH &amp; Co. KG is a manufacturer of medical furniture, specializing in operating tables and chairs","publisher":{"@id":"https:\/\/www.akrus.de\/en#organization"},"potentialAction":[{"@type":"SearchAction","target":{"@type":"EntryPoint","urlTemplate":"https:\/\/www.akrus.de\/en?s={search_term_string}"},"query-input":{"@type":"PropertyValueSpecification","valueRequired":true,"valueName":"search_term_string"}}],"inLanguage":"en-US"},{"@type":"Organization","@id":"https:\/\/www.akrus.de\/en#organization","name":"AKRUS GMBH & CO.KG","alternateName":"AKRUS","url":"https:\/\/www.akrus.de\/en","logo":{"@type":"ImageObject","inLanguage":"en-US","@id":"https:\/\/www.akrus.de\/en#\/schema\/logo\/image\/","url":"https:\/\/www.akrus.de\/wp-content\/uploads\/2024\/06\/cropped-AKRUS-Icon-New.jpg","contentUrl":"https:\/\/www.akrus.de\/wp-content\/uploads\/2024\/06\/cropped-AKRUS-Icon-New.jpg","width":512,"height":512,"caption":"AKRUS GMBH & CO.KG"},"image":{"@id":"https:\/\/www.akrus.de\/en#\/schema\/logo\/image\/"},"sameAs":["https:\/\/www.linkedin.com\/company\/akrus\/","https:\/\/www.youtube.com\/@akrus6469"]}]}},"_links":{"self":[{"href":"https:\/\/www.akrus.de\/en\/wp-json\/wp\/v2\/product\/1567","targetHints":{"allow":["GET"]}}],"collection":[{"href":"https:\/\/www.akrus.de\/en\/wp-json\/wp\/v2\/product"}],"about":[{"href":"https:\/\/www.akrus.de\/en\/wp-json\/wp\/v2\/types\/product"}],"wp:featuredmedia":[{"embeddable":true,"href":"https:\/\/www.akrus.de\/en\/wp-json\/wp\/v2\/media\/1101"}],"wp:attachment":[{"href":"https:\/\/www.akrus.de\/en\/wp-json\/wp\/v2\/media?parent=1567"}],"wp:term":[{"taxonomy":"product_brand","embeddable":true,"href":"https:\/\/www.akrus.de\/en\/wp-json\/wp\/v2\/product_brand?post=1567"},{"taxonomy":"product_cat","embeddable":true,"href":"https:\/\/www.akrus.de\/en\/wp-json\/wp\/v2\/product_cat?post=1567"},{"taxonomy":"product_tag","embeddable":true,"href":"https:\/\/www.akrus.de\/en\/wp-json\/wp\/v2\/product_tag?post=1567"}],"curies":[{"name":"wp","href":"https:\/\/api.w.org\/{rel}","templated":true}]}}